{"id":899,"date":"2025-10-17T11:21:33","date_gmt":"2025-10-17T09:21:33","guid":{"rendered":"https:\/\/colorpretoblanc.com\/privacy-policy\/"},"modified":"2025-11-04T19:19:35","modified_gmt":"2025-11-04T18:19:35","slug":"privacy-policy","status":"publish","type":"page","link":"https:\/\/colorpretoblanc.com\/es\/privacy-policy\/","title":{"rendered":"Pol\u00edtica de Privacidad"},"content":{"rendered":"\t\t<div data-elementor-type=\"wp-page\" data-elementor-id=\"899\" class=\"elementor elementor-899 elementor-3\" data-elementor-post-type=\"page\">\n\t\t\t\t<div class=\"elementor-element elementor-element-1a7a671b e-flex e-con-boxed e-con e-parent\" data-id=\"1a7a671b\" data-element_type=\"container\">\n\t\t\t\t\t<div class=\"e-con-inner\">\n\t\t\t\t<div class=\"elementor-element elementor-element-ee7f8cf elementor-widget elementor-widget-text-editor\" data-id=\"ee7f8cf\" data-element_type=\"widget\" data-widget_type=\"text-editor.default\">\n\t\t\t\t\t\t\t\t\t\n<h3><span style=\"color: #000000;\">1. Responsable del tratamiento de datos<br><\/span><\/h3>\n<p><span style=\"color: #000000;\">De conformidad con el Reglamento (UE) 2016\/679 (RGPD) y la Ley Org\u00e1nica 3\/2018 de Protecci\u00f3n de Datos Personales y garant\u00eda de los derechos digitales (LOPDGDD), le informamos de que los datos personales recogidos a trav\u00e9s de este sitio web ser\u00e1n tratados por <span class=\"gmail_default\"><b>Ana <\/b><\/span><strong>Carolina Pessini<span class=\"gmail_default\"> y Bianca Rutigliano<\/span><\/strong>, propietarias de <strong>ColorpretoBlanc<\/strong>, cuyas direcciones de correo electr\u00f3nico de contacto son <strong><span class=\"gmail_default\"><a href=\"http:\/\/carolpessini@colorpretoblanc.com\/\" target=\"_blank\" rel=\"noopener\" data-saferedirecturl=\"https:\/\/www.google.com\/url?q=http:\/\/carolpessini@colorpretoblanc.com\/&amp;source=gmail&amp;ust=1761816746713000&amp;usg=AOvVaw1CD9TuF8D65kphKZjzflxM\">carolpessini@colorpretoblanc.<wbr><\/wbr>com\/<\/a> <a href=\"mailto:bianca.rutigliano@colorpretoblanc.com\" target=\"_blank\" rel=\"noopener\">bianca.rutigliano@<wbr><\/wbr>colorpretoblanc.com<\/a><\/span><\/strong>.<\/span><\/p>\n<hr>\n<p> <\/p>\n<h3>2. Finalidad del tratamiento<\/h3>\n<p>Los datos personales recogidos a trav\u00e9s de formularios de contacto o correo electr\u00f3nico se utilizar\u00e1n para los siguientes fines:<\/p>\n<ul>\n<li>Gestionar las solicitudes de informaci\u00f3n, presupuestos o colaboraci\u00f3n.<\/li>\n<li>Mantener la comunicaci\u00f3n profesional necesaria con clientes, colaboradores y artistas.<\/li>\n<li>Enviar informaci\u00f3n relacionada con servicios de producci\u00f3n, contenido de marca o proyectos de inteligencia artificial (solo si el usuario lo autoriza expresamente).<\/li>\n<\/ul>\n<hr>\n<p> <\/p>\n<h3>3. Base jur\u00eddica del tratamiento<\/h3>\n<p>El tratamiento de datos se basa en el <strong>consentimiento<\/strong> del usuario, prestado al completar los formularios o enviar correos electr\u00f3nicos de contacto.<\/p>\n<hr>\n<p> <\/p>\n<h3>4. Conservaci\u00f3n de datos<\/h3>\n<p>Los datos personales se conservar\u00e1n durante el tiempo necesario para cumplir con la finalidad para la que fueron recogidos o hasta que el usuario solicite su supresi\u00f3n.<\/p>\n<hr>\n<p> <\/p>\n<h3>5. Comunicaci\u00f3n de datos a terceros<\/h3>\n<p>Los datos personales no se comunicar\u00e1n a terceros, salvo que exista una obligaci\u00f3n legal o cuando sea necesario para la prestaci\u00f3n de servicios (por ejemplo, plataformas de alojamiento, an\u00e1lisis o servicios de env\u00edo de correo electr\u00f3nico, todos ellos sujetos a acuerdos de confidencialidad y protecci\u00f3n de datos).<\/p>\n<hr>\n<p> <\/p>\n<h3>6. Derechos del usuario<\/h3>\n<p>Los usuarios podr\u00e1n ejercer sus derechos de acceso, rectificaci\u00f3n, supresi\u00f3n, oposici\u00f3n, limitaci\u00f3n del tratamiento y portabilidad de los datos en cualquier momento mediante el env\u00edo de una solicitud escrita a <strong><span class=\"gmail_default\"><a href=\"http:\/\/carolpessini@colorpretoblanc.com\/\" target=\"_blank\" rel=\"noopener\" data-saferedirecturl=\"https:\/\/www.google.com\/url?q=http:\/\/carolpessini@colorpretoblanc.com\/&amp;source=gmail&amp;ust=1761816746713000&amp;usg=AOvVaw1CD9TuF8D65kphKZjzflxM\">carolpessini@<wbr><\/wbr>colorpretoblanc.com\/<\/a> <a href=\"mailto:bianca.rutigliano@colorpretoblanc.com\" target=\"_blank\" rel=\"noopener\">bianca.rutigliano@<wbr><\/wbr>colorpretoblanc.com<\/a><\/span><\/strong>, adjuntando una copia de su documento de identidad.<\/p>\n<p>Tambi\u00e9n puede presentar una reclamaci\u00f3n ante la <strong>Agencia Espa\u00f1ola de Protecci\u00f3n de Datos (AEPD)<\/strong> si considera que no se han respetado sus derechos.<\/p>\n<hr>\n<p> <\/p>\n<h3>7. Seguridad de los datos<\/h3>\n<p><strong>ColorpretoBlanc<\/strong> adopta las medidas t\u00e9cnicas y organizativas necesarias para garantizar la seguridad, integridad y confidencialidad de los datos personales, evitando su p\u00e9rdida, alteraci\u00f3n o acceso no autorizado.<\/p>\n\n<p> <\/p>\t\t\t\t\t\t\t\t<\/div>\n\t\t\t\t\t<\/div>\n\t\t\t\t<\/div>\n\t\t<footer class=\"elementor-element elementor-element-d5a0d58 e-con-full e-flex e-con e-parent\" data-id=\"d5a0d58\" data-element_type=\"container\" data-settings=\"{&quot;background_background&quot;:&quot;video&quot;,&quot;background_video_link&quot;:&quot;https:\\\/\\\/colorpretoblanc.com\\\/wp-content\\\/uploads\\\/COLORpretoblanc_textura.mp4&quot;,&quot;background_play_on_mobile&quot;:&quot;yes&quot;}\">\n\t\t<div class=\"elementor-background-video-container\" aria-hidden=\"true\">\n\t\t\t\t\t\t\t<video class=\"elementor-background-video-hosted\" autoplay muted playsinline loop><\/video>\n\t\t\t\t\t<\/div><div class=\"elementor-element elementor-element-b69c86f e-flex e-con-boxed e-con e-child\" data-id=\"b69c86f\" data-element_type=\"container\">\n\t\t\t\t\t<div class=\"e-con-inner\">\n\t\t\t\t<div class=\"elementor-element elementor-element-2cf82e9 elementor-widget elementor-widget-heading\" data-id=\"2cf82e9\" data-element_type=\"widget\" data-widget_type=\"heading.default\">\n\t\t\t\t\t<h2 class=\"elementor-heading-title elementor-size-default\">COLORpretoblanc<\/h2>\t\t\t\t<\/div>\n\t\t\t\t<div class=\"elementor-element elementor-element-c9a8a8a elementor-align-left elementor-widget elementor-widget-button\" data-id=\"c9a8a8a\" data-element_type=\"widget\" data-widget_type=\"button.default\">\n\t\t\t\t\t\t\t\t\t\t<a class=\"elementor-button elementor-button-link elementor-size-sm elementor-animation-float\" href=\"#contact\">\n\t\t\t\t\t\t<span class=\"elementor-button-content-wrapper\">\n\t\t\t\t\t\t\t\t\t<span class=\"elementor-button-text\">Contact us<\/span>\n\t\t\t\t\t<\/span>\n\t\t\t\t\t<\/a>\n\t\t\t\t\t\t\t\t<\/div>\n\t\t\t\t<div class=\"elementor-element elementor-element-ad5e089 elementor-hidden-desktop elementor-hidden-tablet elementor-hidden-mobile elementor-shape-circle elementor-grid-0 e-grid-align-center elementor-widget elementor-widget-social-icons\" data-id=\"ad5e089\" data-element_type=\"widget\" data-widget_type=\"social-icons.default\">\n\t\t\t\t\t\t\t<div class=\"elementor-social-icons-wrapper elementor-grid\" role=\"list\">\n\t\t\t\t\t\t\t<span class=\"elementor-grid-item\" role=\"listitem\">\n\t\t\t\t\t<a class=\"elementor-icon elementor-social-icon elementor-social-icon-linkedin elementor-animation-float elementor-repeater-item-7c82fa6\" target=\"_blank\">\n\t\t\t\t\t\t<span class=\"elementor-screen-only\">Linkedin<\/span>\n\t\t\t\t\t\t<svg aria-hidden=\"true\" class=\"e-font-icon-svg e-fab-linkedin\" viewBox=\"0 0 448 512\" xmlns=\"http:\/\/www.w3.org\/2000\/svg\"><path d=\"M416 32H31.9C14.3 32 0 46.5 0 64.3v383.4C0 465.5 14.3 480 31.9 480H416c17.6 0 32-14.5 32-32.3V64.3c0-17.8-14.4-32.3-32-32.3zM135.4 416H69V202.2h66.5V416zm-33.2-243c-21.3 0-38.5-17.3-38.5-38.5S80.9 96 102.2 96c21.2 0 38.5 17.3 38.5 38.5 0 21.3-17.2 38.5-38.5 38.5zm282.1 243h-66.4V312c0-24.8-.5-56.7-34.5-56.7-34.6 0-39.9 27-39.9 54.9V416h-66.4V202.2h63.7v29.2h.9c8.9-16.8 30.6-34.5 62.9-34.5 67.2 0 79.7 44.3 79.7 101.9V416z\"><\/path><\/svg>\t\t\t\t\t<\/a>\n\t\t\t\t<\/span>\n\t\t\t\t\t\t\t<span class=\"elementor-grid-item\" role=\"listitem\">\n\t\t\t\t\t<a class=\"elementor-icon elementor-social-icon elementor-social-icon-instagram elementor-animation-float elementor-repeater-item-546457d\" target=\"_blank\">\n\t\t\t\t\t\t<span class=\"elementor-screen-only\">Instagram<\/span>\n\t\t\t\t\t\t<svg aria-hidden=\"true\" class=\"e-font-icon-svg e-fab-instagram\" viewBox=\"0 0 448 512\" xmlns=\"http:\/\/www.w3.org\/2000\/svg\"><path d=\"M224.1 141c-63.6 0-114.9 51.3-114.9 114.9s51.3 114.9 114.9 114.9S339 319.5 339 255.9 287.7 141 224.1 141zm0 189.6c-41.1 0-74.7-33.5-74.7-74.7s33.5-74.7 74.7-74.7 74.7 33.5 74.7 74.7-33.6 74.7-74.7 74.7zm146.4-194.3c0 14.9-12 26.8-26.8 26.8-14.9 0-26.8-12-26.8-26.8s12-26.8 26.8-26.8 26.8 12 26.8 26.8zm76.1 27.2c-1.7-35.9-9.9-67.7-36.2-93.9-26.2-26.2-58-34.4-93.9-36.2-37-2.1-147.9-2.1-184.9 0-35.8 1.7-67.6 9.9-93.9 36.1s-34.4 58-36.2 93.9c-2.1 37-2.1 147.9 0 184.9 1.7 35.9 9.9 67.7 36.2 93.9s58 34.4 93.9 36.2c37 2.1 147.9 2.1 184.9 0 35.9-1.7 67.7-9.9 93.9-36.2 26.2-26.2 34.4-58 36.2-93.9 2.1-37 2.1-147.8 0-184.8zM398.8 388c-7.8 19.6-22.9 34.7-42.6 42.6-29.5 11.7-99.5 9-132.1 9s-102.7 2.6-132.1-9c-19.6-7.8-34.7-22.9-42.6-42.6-11.7-29.5-9-99.5-9-132.1s-2.6-102.7 9-132.1c7.8-19.6 22.9-34.7 42.6-42.6 29.5-11.7 99.5-9 132.1-9s102.7-2.6 132.1 9c19.6 7.8 34.7 22.9 42.6 42.6 11.7 29.5 9 99.5 9 132.1s2.7 102.7-9 132.1z\"><\/path><\/svg>\t\t\t\t\t<\/a>\n\t\t\t\t<\/span>\n\t\t\t\t\t\t\t<span class=\"elementor-grid-item\" role=\"listitem\">\n\t\t\t\t\t<a class=\"elementor-icon elementor-social-icon elementor-social-icon-vimeo elementor-animation-float elementor-repeater-item-b257293\" target=\"_blank\">\n\t\t\t\t\t\t<span class=\"elementor-screen-only\">Vimeo<\/span>\n\t\t\t\t\t\t<svg aria-hidden=\"true\" class=\"e-font-icon-svg e-fab-vimeo\" viewBox=\"0 0 448 512\" xmlns=\"http:\/\/www.w3.org\/2000\/svg\"><path d=\"M403.2 32H44.8C20.1 32 0 52.1 0 76.8v358.4C0 459.9 20.1 480 44.8 480h358.4c24.7 0 44.8-20.1 44.8-44.8V76.8c0-24.7-20.1-44.8-44.8-44.8zM377 180.8c-1.4 31.5-23.4 74.7-66 129.4-44 57.2-81.3 85.8-111.7 85.8-18.9 0-34.8-17.4-47.9-52.3-25.5-93.3-36.4-148-57.4-148-2.4 0-10.9 5.1-25.4 15.2l-15.2-19.6c37.3-32.8 72.9-69.2 95.2-71.2 25.2-2.4 40.7 14.8 46.5 51.7 20.7 131.2 29.9 151 67.6 91.6 13.5-21.4 20.8-37.7 21.8-48.9 3.5-33.2-25.9-30.9-45.8-22.4 15.9-52.1 46.3-77.4 91.2-76 33.3.9 49 22.5 47.1 64.7z\"><\/path><\/svg>\t\t\t\t\t<\/a>\n\t\t\t\t<\/span>\n\t\t\t\t\t<\/div>\n\t\t\t\t\t\t<\/div>\n\t\t\t\t\t<\/div>\n\t\t\t\t<\/div>\n\t\t<div class=\"elementor-element elementor-element-cc5bbb5 e-con-full e-flex e-con e-child\" data-id=\"cc5bbb5\" data-element_type=\"container\">\n\t\t\t\t<div class=\"elementor-element elementor-element-fc29fd3 elementor-widget elementor-widget-text-editor\" data-id=\"fc29fd3\" data-element_type=\"widget\" data-widget_type=\"text-editor.default\">\n\t\t\t\t\t\t\t\t\tCopyright \u00a92026 &#8211; COLORpretoblanc &#8211; audiovisual producers &#8211; All rights reserved.\t\t\t\t\t\t\t\t<\/div>\n\t\t\t\t<div class=\"elementor-element elementor-element-cfbc2df elementor-icon-list--layout-inline elementor-mobile-align-center elementor-list-item-link-full_width elementor-widget elementor-widget-icon-list\" data-id=\"cfbc2df\" data-element_type=\"widget\" data-widget_type=\"icon-list.default\">\n\t\t\t\t\t\t\t<ul class=\"elementor-icon-list-items elementor-inline-items\">\n\t\t\t\t\t\t\t<li class=\"elementor-icon-list-item elementor-inline-item\">\n\t\t\t\t\t\t\t\t\t\t\t<a href=\"https:\/\/colorpretoblanc.com\/privacy-policy\/\" target=\"_blank\">\n\n\t\t\t\t\t\t\t\t\t\t\t<span class=\"elementor-icon-list-text\">Legal<\/span>\n\t\t\t\t\t\t\t\t\t\t\t<\/a>\n\t\t\t\t\t\t\t\t\t<\/li>\n\t\t\t\t\t\t\t\t<li class=\"elementor-icon-list-item elementor-inline-item\">\n\t\t\t\t\t\t\t\t\t\t\t<a href=\"https:\/\/colorpretoblanc.com\/cookie-policy-eu\/\" target=\"_blank\">\n\n\t\t\t\t\t\t\t\t\t\t\t<span class=\"elementor-icon-list-text\">Cookies<\/span>\n\t\t\t\t\t\t\t\t\t\t\t<\/a>\n\t\t\t\t\t\t\t\t\t<\/li>\n\t\t\t\t\t\t\t\t<li class=\"elementor-icon-list-item elementor-inline-item\">\n\t\t\t\t\t\t\t\t\t\t\t<a href=\"https:\/\/liliguinot.com\/\" target=\"_blank\">\n\n\t\t\t\t\t\t\t\t\t\t\t<span class=\"elementor-icon-list-text\">Design<\/span>\n\t\t\t\t\t\t\t\t\t\t\t<\/a>\n\t\t\t\t\t\t\t\t\t<\/li>\n\t\t\t\t\t\t<\/ul>\n\t\t\t\t\t\t<\/div>\n\t\t\t\t<\/div>\n\t\t\t\t<\/footer>\n\t\t\t\t<\/div>\n\t\t","protected":false},"excerpt":{"rendered":"<p>1. Responsable del tratamiento de datos De conformidad con el Reglamento (UE) 2016\/679 (RGPD) y la Ley Org\u00e1nica 3\/2018 de Protecci\u00f3n de Datos Personales y garant\u00eda de los derechos digitales (LOPDGDD), le informamos de que los datos personales recogidos a trav\u00e9s de este sitio web ser\u00e1n tratados por Ana Carolina Pessini y Bianca Rutigliano, propietarias [&hellip;]<\/p>\n","protected":false},"author":2,"featured_media":0,"parent":0,"menu_order":0,"comment_status":"closed","ping_status":"closed","template":"elementor_canvas","meta":{"footnotes":""},"class_list":["post-899","page","type-page","status-publish","hentry"],"_links":{"self":[{"href":"https:\/\/colorpretoblanc.com\/es\/wp-json\/wp\/v2\/pages\/899","targetHints":{"allow":["GET"]}}],"collection":[{"href":"https:\/\/colorpretoblanc.com\/es\/wp-json\/wp\/v2\/pages"}],"about":[{"href":"https:\/\/colorpretoblanc.com\/es\/wp-json\/wp\/v2\/types\/page"}],"author":[{"embeddable":true,"href":"https:\/\/colorpretoblanc.com\/es\/wp-json\/wp\/v2\/users\/2"}],"replies":[{"embeddable":true,"href":"https:\/\/colorpretoblanc.com\/es\/wp-json\/wp\/v2\/comments?post=899"}],"version-history":[{"count":7,"href":"https:\/\/colorpretoblanc.com\/es\/wp-json\/wp\/v2\/pages\/899\/revisions"}],"predecessor-version":[{"id":939,"href":"https:\/\/colorpretoblanc.com\/es\/wp-json\/wp\/v2\/pages\/899\/revisions\/939"}],"wp:attachment":[{"href":"https:\/\/colorpretoblanc.com\/es\/wp-json\/wp\/v2\/media?parent=899"}],"curies":[{"name":"wp","href":"https:\/\/api.w.org\/{rel}","templated":true}]}}